{"id":643,"date":"2024-05-28T16:01:40","date_gmt":"2024-05-28T14:01:40","guid":{"rendered":"https:\/\/www.technikfuerkinder.at\/?page_id=643"},"modified":"2024-08-04T19:46:27","modified_gmt":"2024-08-04T17:46:27","slug":"impressum","status":"publish","type":"page","link":"https:\/\/www.technikfuerkinder.at\/?page_id=643","title":{"rendered":"Impressum"},"content":{"rendered":"<p>[et_pb_section fb_built=&#8220;1&#8243; _builder_version=&#8220;4.25.1&#8243; _module_preset=&#8220;default&#8220; global_colors_info=&#8220;{}&#8220;][et_pb_row _builder_version=&#8220;4.25.1&#8243; _module_preset=&#8220;default&#8220; global_colors_info=&#8220;{}&#8220;][et_pb_column type=&#8220;4_4&#8243; _builder_version=&#8220;4.25.1&#8243; _module_preset=&#8220;default&#8220; global_colors_info=&#8220;{}&#8220;][et_pb_text _builder_version=&#8220;4.27.0&#8243; _module_preset=&#8220;default&#8220; header_font=&#8220;Cabin Sketch||||||||&#8220; header_text_color=&#8220;#33cccc&#8220; global_colors_info=&#8220;{}&#8220;]<\/p>\n<h1 id=\"bgMedia_comp-kbt7qqtg1\" class=\"_2GUhU\">Impressum<\/h1>\n<div class=\"_2GUhU\">Informationspflicht laut \u00a75 E-Commerce Gesetz, \u00a714 Unternehmensgesetzbuch, \u00a763 Gewerbeordnung und Offenlegungspflicht laut \u00a725 Mediengesetz:<\/div>\n<p>&nbsp;<\/p>\n<div class=\"\" data-mesh-id=\"comp-kbt7qqtg1inlineContent\" data-testid=\"inline-content\">\n<div data-mesh-id=\"comp-kbt7qqtg1inlineContent-gridContainer\" data-testid=\"mesh-container-content\">\n<div id=\"comp-kbt7qqtg3\" class=\"_1Q9if\" data-testid=\"richTextElement\" data-angle=\"0\" data-angle-style-location=\"style\" data-screen-in-hide=\"done\">\n<p class=\"font_9\"><strong><span class=\"color_15\">Technik f\u00fcr Kinder Vulkanland<br \/><\/span><\/strong><span class=\"color_15\"><strong>ZVR-Zahl:<\/strong> 1444539204<\/span><\/p>\n<p class=\"font_9\"><span class=\"color_15\"><strong>Vereinssitz:<\/strong> Franz-Josef-Stra\u00dfe 8, 8330 Feldbach, \u00d6sterreich<\/span><\/p>\n<p class=\"font_9\"><span class=\"color_15\"><strong>Organschaftliche VertreterInnen<\/strong>:<br \/>Obfrau: Silvia Reindl<br \/>Obfrau Stellvertreter: Josef Dietl, Florian Lugitsch jun., Caroline Puchleitner-Tuma,\u00a0<\/span><\/p>\n<p class=\"font_9\"><span class=\"color_15\">E-Mail: <a href=\"mailto:silva&#64;technikfuer&#107;&#105;&#110;&#100;&#101;&#114;&#46;&#97;&#116;\">&#115;&#x69;l&#118;&#x61;&#64;&#116;&#x65;c&#x68;&#x6e;&#105;&#x6b;f&#117;&#x65;r&#107;&#x69;n&#x64;&#x65;&#114;&#x2e;&#x61;&#116;<\/a> <br \/>Telefon: +43 664 \/ 80 25 26 00<\/span><\/p>\n<p class=\"font_9\"><span class=\"color_15\"><strong>Vereinszweck:<\/strong><br \/>(1) Der Verein, dessen T\u00e4tigkeit nicht auf Gewinn gerichtet ist, verfolgt ausschlie\u00dflich und unmittelbar gemeinn\u00fctzige Zwecke iSv \u00a7 35 und \u00a7 36 BAO. Der Zweck des Vereins ist die F\u00f6rderung der fr\u00fchen Begeisterung f\u00fcr Handwerk und Technik sowie die F\u00f6rderung des handwerklichen und technischen Geschicks von Kindern und Jugendlichen. (2) Der Verein ist gemeinn\u00fctzig im Sinne der \u00a7\u00a734 ff BAO. (3) Der Zweck des Vereins, welcher politisch und konfessionell neutral ist, wird insbesondere verwirklicht durch die Durchf\u00fchrung von Veranstaltungen und den Einsatz von ehrenamtlichen Mentor:innen. Zus\u00e4tzlich werden Kooperationen mit Unternehmen durchgef\u00fchrt, die der Aus- und Weiterbildung der Kinder und Jugendlichen zugutekommen.<br \/><\/span><\/p>\n<p><span class=\"color_15\"><strong>Kontakt Datenschutzstelle: <\/strong><strong><br \/><\/strong>Daniela Wolf<br \/><strong><\/strong><a href=\"&#109;&#x61;i&#108;&#x74;o&#58;&#x64;a&#110;&#x69;e&#108;&#x61;&#64;&#x74;&#x65;&#99;&#x68;&#x6e;&#105;&#x6b;f&#117;&#x65;r&#107;&#x69;n&#100;&#x65;r&#46;&#x61;&#116;\">daniela&#64;&#116;&#101;&#99;&#104;&#110;&#105;&#107;&#102;&#117;&#101;&#x72;&#x6b;&#x69;&#x6e;&#x64;&#x65;&#x72;&#x2e;&#x61;&#x74;<\/a><strong><\/strong><br \/><\/span><\/p>\n<p><span class=\"color_15\"><strong>Jugendschutzbeauftragte:<br \/><\/strong>Magdalena Puchleitner<strong><br \/><\/strong><\/span><a href=\"&#x6d;a&#x69;&#108;t&#x6f;&#58;&#x6d;&#97;g&#x64;&#97;&#x6c;&#101;n&#x61;&#64;&#x74;&#x65;c&#x68;&#110;i&#x6b;&#102;&#x75;&#101;r&#x6b;&#105;&#x6e;&#100;e&#x72;&#46;&#x61;&#x74;\">&#x6d;&#97;&#x67;&#x64;&#97;&#x6c;&#101;n&#x61;&#64;t&#x65;&#99;h&#x6e;&#105;k&#x66;&#117;&#x65;&#x72;&#107;&#x69;&#x6e;&#100;&#x65;&#114;&#46;&#x61;&#116;<\/a><\/p>\n<p><strong><u>EU-Streitschlichtung<\/u><\/strong><\/p>\n<p class=\"adsimple-122848346\">Gem\u00e4\u00df Verordnung \u00fcber Online-Streitbeilegung in Verbraucherangelegenheiten (ODR-Verordnung) m\u00f6chten wir Sie \u00fcber die Online-Streitbeilegungsplattform (OS-Plattform) informieren.<br \/>Verbraucher haben die M\u00f6glichkeit, Beschwerden an die Online Streitbeilegungsplattform der Europ\u00e4ischen Kommission unter <a class=\"adsimple-122848346\" href=\"https:\/\/ec.europa.eu\/consumers\/odr\/main\/index.cfm?event=main.home2.show&amp;lng=DE\" target=\"_blank\" rel=\"follow noopener\">https:\/\/ec.europa.eu\/consumers\/odr\/main\/index.cfm?event=main.home2.show&amp;lng=DE<\/a> zu richten. Die daf\u00fcr notwendigen Kontaktdaten finden Sie oberhalb in unserem Impressum.<\/p>\n<p class=\"adsimple-122848346\">Wir m\u00f6chten Sie jedoch darauf hinweisen, dass wir nicht bereit oder verpflichtet sind, an Streitbeilegungsverfahren vor einer Verbraucherschlichtungsstelle teilzunehmen.<\/p>\n<p><strong><u>Haftung f\u00fcr Inhalte dieser Webseite<\/u><\/strong><\/p>\n<p class=\"adsimple-122848346\">Wir entwickeln die Inhalte dieser Website st\u00e4ndig weiter und bem\u00fchen uns korrekte und aktuelle Informationen bereitzustellen. Leider k\u00f6nnen wir keine Haftung f\u00fcr die Korrektheit aller Inhalte auf dieser Website \u00fcbernehmen, speziell f\u00fcr jene, die seitens Dritter bereitgestellt wurden. Als Diensteanbieter sind wir nicht verpflichtet, die von Ihnen \u00fcbermittelten oder gespeicherten Informationen zu \u00fcberwachen oder nach Umst\u00e4nden zu forschen, die auf eine rechtswidrige T\u00e4tigkeit hinweisen.<\/p>\n<p class=\"adsimple-122848346\">Unsere Verpflichtungen zur Entfernung von Informationen oder zur Sperrung der Nutzung von Informationen nach den allgemeinen Gesetzen aufgrund von gerichtlichen oder beh\u00f6rdlichen Anordnungen bleiben auch im Falle unserer Nichtverantwortlichkeit davon unber\u00fchrt.<\/p>\n<p class=\"adsimple-122848346\">Sollten Ihnen problematische oder rechtswidrige Inhalte auffallen, bitte wir Sie uns umgehend zu kontaktieren, damit wir die rechtswidrigen Inhalte entfernen k\u00f6nnen. Sie finden die Kontaktdaten im Impressum.<\/p>\n<p><strong><u>Haftung f\u00fcr Links auf dieser Webseite<\/u><\/strong><\/p>\n<p class=\"adsimple-122848346\">Unsere Website enth\u00e4lt Links zu anderen Websites f\u00fcr deren Inhalt wir nicht verantwortlich sind. Haftung f\u00fcr verlinkte Websites besteht f\u00fcr uns nicht, da wir keine Kenntnis rechtswidriger T\u00e4tigkeiten hatten und haben, uns solche Rechtswidrigkeiten auch bisher nicht aufgefallen sind und wir Links sofort entfernen w\u00fcrden, wenn uns Rechtswidrigkeiten bekannt werden.<\/p>\n<p class=\"adsimple-122848346\">Wenn Ihnen rechtswidrige Links auf unserer Website auffallen, bitte wir Sie uns zu kontaktieren. Sie finden die Kontaktdaten im Impressum.<\/p>\n<p><strong><u>Urheberrechtshinweis<\/u><\/strong><\/p>\n<p class=\"adsimple-122848346\">Alle Inhalte dieser Webseite (Bilder, Fotos, Texte, Videos) unterliegen dem Urheberrecht. Bitte fragen Sie uns bevor Sie die Inhalte dieser Website verbreiten, vervielf\u00e4ltigen oder verwerten wie zum Beispiel auf anderen Websites erneut ver\u00f6ffentlichen. Falls notwendig, werden wir die unerlaubte Nutzung von Teilen der Inhalte unserer Seite rechtlich verfolgen.<\/p>\n<p class=\"adsimple-122848346\">Sollten Sie auf dieser Webseite Inhalte finden, die das Urheberrecht verletzen, bitten wir Sie uns zu kontaktieren.<\/p>\n<p><span class=\"color_15\"><strong>Bildquellen:<br \/><\/strong><\/span>Die Bilder, Fotos und Grafiken auf dieser Webseite sind urheberrechtlich gesch\u00fctzt.<\/p>\n<p><span style=\"text-decoration: underline;\">Die Bilderrechte liegen bei:<\/span><br \/>TfK &#8211; Technik f\u00fcr Kinder e.V. Deggendorf<br \/>Mitgliedsbetriebe (Logos)<br \/>Personenfotos (privat)<\/p>\n<p>Alle Texte sind urheberrechtlich gesch\u00fctzt.<\/p>\n<p>Quelle: Erstellt mit dem <a href=\"https:\/\/www.adsimple.at\/impressum-generator\/\" title=\"Impressum Generator \u00d6sterreich von AdSimple\">Impressum Generator \u00d6sterreich<\/a> von AdSimple<\/p>\n<p><span class=\"color_15\">Hier geht es zur\u00a0<a href=\"https:\/\/www.technikfuerkinder.at\/?page_id=641\" rel=\"noopener\">Datenschutzerkl\u00e4rung<\/a>.<\/span><\/p>\n<p class=\"font_9\"><span class=\"color_15\"><a href=\"https:\/\/www.adsimple.at\/blog-marketing\/\" target=\"_blank\" rel=\"noopener\"><\/a><\/span><\/p>\n<\/div>\n<\/div>\n<\/div>\n<p>[\/et_pb_text][\/et_pb_column][\/et_pb_row][\/et_pb_section]<\/p>\n","protected":false},"excerpt":{"rendered":"<p>Impressum Informationspflicht laut \u00a75 E-Commerce Gesetz, \u00a714 Unternehmensgesetzbuch, \u00a763 Gewerbeordnung und Offenlegungspflicht laut \u00a725 Mediengesetz: &nbsp; Technik f\u00fcr Kinder VulkanlandZVR-Zahl: 1444539204 Vereinssitz: Franz-Josef-Stra\u00dfe 8, 8330 Feldbach, \u00d6sterreich Organschaftliche VertreterInnen:Obfrau: Silvia ReindlObfrau Stellvertreter: Josef Dietl, Florian Lugitsch jun., Caroline Puchleitner-Tuma,\u00a0 E-Mail: silva&#64;techni&#107;&#102;&#117;&#101;&#114;&#107;&#105;&#110;&#100;&#101;&#114;&#46;&#97;&#116; Telefon: +43 664 \/ 80 25 26 00 Vereinszweck:(1) Der Verein, dessen T\u00e4tigkeit nicht [&hellip;]<\/p>\n","protected":false},"author":1,"featured_media":0,"parent":0,"menu_order":0,"comment_status":"closed","ping_status":"closed","template":"","meta":{"_et_pb_use_builder":"on","_et_pb_old_content":"","_et_gb_content_width":"","footnotes":""},"class_list":["post-643","page","type-page","status-publish","hentry"],"_links":{"self":[{"href":"https:\/\/www.technikfuerkinder.at\/index.php?rest_route=\/wp\/v2\/pages\/643","targetHints":{"allow":["GET"]}}],"collection":[{"href":"https:\/\/www.technikfuerkinder.at\/index.php?rest_route=\/wp\/v2\/pages"}],"about":[{"href":"https:\/\/www.technikfuerkinder.at\/index.php?rest_route=\/wp\/v2\/types\/page"}],"author":[{"embeddable":true,"href":"https:\/\/www.technikfuerkinder.at\/index.php?rest_route=\/wp\/v2\/users\/1"}],"replies":[{"embeddable":true,"href":"https:\/\/www.technikfuerkinder.at\/index.php?rest_route=%2Fwp%2Fv2%2Fcomments&post=643"}],"version-history":[{"count":14,"href":"https:\/\/www.technikfuerkinder.at\/index.php?rest_route=\/wp\/v2\/pages\/643\/revisions"}],"predecessor-version":[{"id":1284,"href":"https:\/\/www.technikfuerkinder.at\/index.php?rest_route=\/wp\/v2\/pages\/643\/revisions\/1284"}],"wp:attachment":[{"href":"https:\/\/www.technikfuerkinder.at\/index.php?rest_route=%2Fwp%2Fv2%2Fmedia&parent=643"}],"curies":[{"name":"wp","href":"https:\/\/api.w.org\/{rel}","templated":true}]}}