{"id":330,"date":"2024-05-15T09:59:58","date_gmt":"2024-05-15T07:59:58","guid":{"rendered":"http:\/\/www.technikfuerkinder.at\/?page_id=330"},"modified":"2025-09-30T10:56:51","modified_gmt":"2025-09-30T08:56:51","slug":"unsere-werte","status":"publish","type":"page","link":"https:\/\/www.technikfuerkinder.at\/?page_id=330","title":{"rendered":"Unsere Werte"},"content":{"rendered":"<p>[et_pb_section fb_built=&#8220;1&#8243; fullwidth=&#8220;on&#8220; admin_label=&#8220;Hero&#8220; _builder_version=&#8220;4.27.4&#8243; background_image=&#8220;https:\/\/www.technikfuerkinder.at\/wp-content\/uploads\/2025\/09\/WhatsApp-Image-2025-09-19-at-14.30.35.jpeg&#8220; custom_margin=&#8220;||0px||false|false&#8220; custom_padding=&#8220;||0px||false|false&#8220; top_divider_style=&#8220;clouds2&#8243; top_divider_color=&#8220;rgba(255,255,255,0.3)&#8220; top_divider_height=&#8220;100%&#8220; bottom_divider_height=&#8220;30px&#8220; hover_enabled=&#8220;0&#8243; global_colors_info=&#8220;{}&#8220; title_text=&#8220;WhatsApp Image 2025-09-19 at 14.30.35&#8243; sticky_enabled=&#8220;0&#8243; background_color=&#8220;#f8ede9&#8243;][et_pb_fullwidth_header title=&#8220;Unsere Werte&#8220; text_orientation=&#8220;center&#8220; button_one_text=&#8220;Kinderschutzkonzept&#8220; button_one_url=&#8220;@ET-DC@eyJkeW5hbWljIjp0cnVlLCJjb250ZW50IjoicG9zdF9saW5rX3VybCIsInNldHRpbmdzIjp7fX0=@&#8220; _builder_version=&#8220;4.27.0&#8243; _dynamic_attributes=&#8220;button_one_url&#8220; title_level=&#8220;h2&#8243; title_font=&#8220;Cabin Sketch|700||on|||||&#8220; title_text_color=&#8220;#ff7355&#8243; title_font_size=&#8220;40px&#8220; title_letter_spacing=&#8220;5px&#8220; title_line_height=&#8220;2em&#8220; content_font=&#8220;Rubik||||||||&#8220; content_font_size=&#8220;18px&#8220; content_line_height=&#8220;2em&#8220; subhead_font=&#8220;Rubik|700|||||||&#8220; subhead_text_color=&#8220;rgba(0,0,0,0.8)&#8220; subhead_font_size=&#8220;50px&#8220; subhead_line_height=&#8220;1.4em&#8220; background_color=&#8220;rgba(255,255,255,0)&#8220; use_background_color_gradient=&#8220;on&#8220; background_color_gradient_stops=&#8220;rgba(255,255,255,0.7) 0%|#ffffff 100%&#8220; background_color_gradient_start=&#8220;rgba(255,255,255,0.7)&#8220; background_color_gradient_end=&#8220;#ffffff&#8220; background_size=&#8220;contain&#8220; background_position=&#8220;bottom_center&#8220; custom_button_one=&#8220;on&#8220; button_one_text_size=&#8220;16px&#8220; button_one_text_color=&#8220;#ffffff&#8220; button_one_bg_color=&#8220;#ff7355&#8243; button_one_border_width=&#8220;15px&#8220; button_one_border_color=&#8220;rgba(210,159,104,0)&#8220; button_one_border_radius=&#8220;100px&#8220; button_one_letter_spacing=&#8220;0px&#8220; button_one_font=&#8220;Rubik|700|||||||&#8220; button_one_use_icon=&#8220;off&#8220; custom_button_two=&#8220;on&#8220; button_two_text_size=&#8220;16px&#8220; button_two_text_color=&#8220;#ffffff&#8220; button_two_bg_color=&#8220;rgba(0,0,0,0.6)&#8220; button_two_border_width=&#8220;15px&#8220; button_two_border_color=&#8220;rgba(210,159,104,0)&#8220; button_two_border_radius=&#8220;100px&#8220; button_two_letter_spacing=&#8220;0px&#8220; button_two_font=&#8220;Rubik|700|||||||&#8220; button_two_use_icon=&#8220;off&#8220; background_layout=&#8220;light&#8220; custom_margin=&#8220;|||&#8220; custom_padding=&#8220;8vw||0px||false|false&#8220; animation_style=&#8220;slide&#8220; animation_direction=&#8220;bottom&#8220; animation_intensity_slide=&#8220;1%&#8220; subhead_font_size_tablet=&#8220;&#8220; subhead_font_size_phone=&#8220;30px&#8220; subhead_font_size_last_edited=&#8220;on|phone&#8220; button_one_border_radius_hover=&#8220;100px&#8220; button_two_border_radius_hover=&#8220;100px&#8220; button_one_bg_color_hover=&#8220;#ff8a70&#8243; button_two_bg_color_hover=&#8220;#ff8a70&#8243; global_colors_info=&#8220;{}&#8220; button_one_text_size__hover_enabled=&#8220;off&#8220; button_two_text_size__hover_enabled=&#8220;off&#8220; button_one_text_color__hover_enabled=&#8220;off&#8220; button_two_text_color__hover_enabled=&#8220;off&#8220; button_one_border_width__hover_enabled=&#8220;off&#8220; button_two_border_width__hover_enabled=&#8220;off&#8220; button_one_border_color__hover_enabled=&#8220;off&#8220; button_two_border_color__hover_enabled=&#8220;off&#8220; button_one_border_radius__hover_enabled=&#8220;on&#8220; button_one_border_radius__hover=&#8220;100px&#8220; button_two_border_radius__hover_enabled=&#8220;on&#8220; button_two_border_radius__hover=&#8220;100px&#8220; button_one_letter_spacing__hover_enabled=&#8220;off&#8220; button_two_letter_spacing__hover_enabled=&#8220;off&#8220; button_one_bg_color__hover_enabled=&#8220;on&#8220; button_one_bg_color__hover=&#8220;#ff8a70&#8243; button_two_bg_color__hover_enabled=&#8220;on&#8220; button_two_bg_color__hover=&#8220;#ff8a70&#8243;][\/et_pb_fullwidth_header][\/et_pb_section][et_pb_section fb_built=&#8220;1&#8243; _builder_version=&#8220;4.27.0&#8243; _module_preset=&#8220;default&#8220; custom_margin=&#8220;0px||0px||false|false&#8220; custom_padding=&#8220;0px||0px||false|false&#8220; global_colors_info=&#8220;{}&#8220;][et_pb_row column_structure=&#8220;1_3,1_3,1_3&#8243; _builder_version=&#8220;4.27.0&#8243; _module_preset=&#8220;default&#8220; global_colors_info=&#8220;{}&#8220;][et_pb_column type=&#8220;1_3&#8243; _builder_version=&#8220;4.27.0&#8243; _module_preset=&#8220;default&#8220; global_colors_info=&#8220;{}&#8220;][et_pb_image src=&#8220;https:\/\/www.technikfuerkinder.at\/wp-content\/uploads\/2024\/09\/Technik-fuer-Kinder_Auswahl_ADOBE-RGB_300dpi-54-removebg-1-e1725618154324.png&#8220; title_text=&#8220;Technik-fuer-Kinder_Auswahl_ADOBE-RGB_300dpi-54-removebg&#8220; _builder_version=&#8220;4.27.0&#8243; _module_preset=&#8220;default&#8220; global_colors_info=&#8220;{}&#8220;][\/et_pb_image][\/et_pb_column][et_pb_column type=&#8220;1_3&#8243; _builder_version=&#8220;4.27.0&#8243; _module_preset=&#8220;default&#8220; global_colors_info=&#8220;{}&#8220;][et_pb_text _builder_version=&#8220;4.25.1&#8243; text_font=&#8220;Rubik|500|||||||&#8220; text_font_size=&#8220;16px&#8220; text_line_height=&#8220;2em&#8220; header_font=&#8220;Cabin Sketch||||||||&#8220; header_2_font=&#8220;||||||||&#8220; header_3_font=&#8220;Cabin Sketch|700|||||||&#8220; header_3_text_color=&#8220;#2b76df&#8220; header_3_font_size=&#8220;42px&#8220; header_5_font=&#8220;||||||||&#8220; max_width=&#8220;700px&#8220; module_alignment=&#8220;center&#8220; custom_margin=&#8220;|||&#8220; custom_margin_tablet=&#8220;0px|||&#8220; custom_margin_last_edited=&#8220;off|desktop&#8220; animation_style=&#8220;zoom&#8220; animation_intensity_zoom=&#8220;10%&#8220; text_line_height_last_edited=&#8220;off|desktop&#8220; header_2_font_size_phone=&#8220;30px&#8220; header_2_font_size_last_edited=&#8220;off|desktop&#8220; global_colors_info=&#8220;{}&#8220;]<\/p>\n<h3>Offenheit<\/h3>\n<p>Die T\u00fcren des Technikhauses stehen allen offen, die kommen m\u00f6chten, genau so wie sie sind.<\/p>\n<p>[\/et_pb_text][et_pb_text _builder_version=&#8220;4.25.1&#8243; text_font=&#8220;Rubik|500|||||||&#8220; text_font_size=&#8220;16px&#8220; text_line_height=&#8220;2em&#8220; header_font=&#8220;||||||||&#8220; header_2_font=&#8220;||||||||&#8220; header_3_font=&#8220;Cabin Sketch|700|||||||&#8220; header_3_text_color=&#8220;#ff7355&#8243; header_3_font_size=&#8220;42px&#8220; header_5_font=&#8220;||||||||&#8220; max_width=&#8220;700px&#8220; module_alignment=&#8220;center&#8220; custom_margin=&#8220;|||&#8220; custom_margin_tablet=&#8220;0px|||&#8220; custom_margin_last_edited=&#8220;off|desktop&#8220; animation_style=&#8220;zoom&#8220; animation_intensity_zoom=&#8220;10%&#8220; text_line_height_last_edited=&#8220;off|desktop&#8220; header_2_font_size_phone=&#8220;30px&#8220; header_2_font_size_last_edited=&#8220;off|desktop&#8220; global_colors_info=&#8220;{}&#8220;]<\/p>\n<h3>Begeisterung<\/h3>\n<p>Lernen entsteht durch Begeisterung.<\/p>\n<p>[\/et_pb_text][et_pb_text _builder_version=&#8220;4.25.1&#8243; text_font=&#8220;Rubik|500|||||||&#8220; text_font_size=&#8220;16px&#8220; text_line_height=&#8220;2em&#8220; header_font=&#8220;||||||||&#8220; header_2_font=&#8220;||||||||&#8220; header_3_font=&#8220;Cabin Sketch|700|||||||&#8220; header_3_text_color=&#8220;#74bc19&#8243; header_3_font_size=&#8220;42px&#8220; header_5_font=&#8220;||||||||&#8220; max_width=&#8220;700px&#8220; module_alignment=&#8220;center&#8220; custom_margin=&#8220;|||&#8220; custom_margin_tablet=&#8220;0px|||&#8220; custom_margin_last_edited=&#8220;off|desktop&#8220; animation_style=&#8220;zoom&#8220; animation_intensity_zoom=&#8220;10%&#8220; text_line_height_last_edited=&#8220;off|desktop&#8220; header_2_font_size_phone=&#8220;30px&#8220; header_2_font_size_last_edited=&#8220;off|desktop&#8220; global_colors_info=&#8220;{}&#8220;]<\/p>\n<h3>Wertsch\u00e4tzung<\/h3>\n<p>Alle Menschen im Technikhaus begegnen sich auf Augenh\u00f6he.<\/p>\n<p>[\/et_pb_text][et_pb_text _builder_version=&#8220;4.25.1&#8243; text_font=&#8220;Rubik|500|||||||&#8220; text_font_size=&#8220;16px&#8220; text_line_height=&#8220;2em&#8220; header_font=&#8220;||||||||&#8220; header_text_color=&#8220;#8300e9&#8243; header_2_font=&#8220;||||||||&#8220; header_3_font=&#8220;Cabin Sketch|700|||||||&#8220; header_3_text_color=&#8220;#8300E9&#8243; header_3_font_size=&#8220;42px&#8220; header_5_font=&#8220;||||||||&#8220; max_width=&#8220;700px&#8220; module_alignment=&#8220;center&#8220; custom_margin=&#8220;|||&#8220; custom_margin_tablet=&#8220;0px|||&#8220; custom_margin_last_edited=&#8220;off|desktop&#8220; animation_style=&#8220;zoom&#8220; animation_intensity_zoom=&#8220;10%&#8220; text_line_height_last_edited=&#8220;off|desktop&#8220; header_2_font_size_phone=&#8220;30px&#8220; header_2_font_size_last_edited=&#8220;off|desktop&#8220; global_colors_info=&#8220;{}&#8220;]<\/p>\n<h3>Verantwortung<\/h3>\n<p>Wir trauen allen Menschen im Technikhaus zu, Verantwortung zu \u00fcbernehmen und \u00fcber sich hinauszuwachsen.<\/p>\n<p>[\/et_pb_text][et_pb_text _builder_version=&#8220;4.27.0&#8243; text_font=&#8220;Rubik|500|||||||&#8220; text_font_size=&#8220;16px&#8220; text_line_height=&#8220;2em&#8220; header_font=&#8220;||||||||&#8220; header_2_font=&#8220;||||||||&#8220; header_3_font=&#8220;Cabin Sketch|700|||||||&#8220; header_3_text_color=&#8220;#E09900&#8243; header_3_font_size=&#8220;42px&#8220; header_5_font=&#8220;||||||||&#8220; max_width=&#8220;700px&#8220; module_alignment=&#8220;center&#8220; custom_margin=&#8220;|||&#8220; custom_margin_tablet=&#8220;0px|||&#8220; custom_margin_last_edited=&#8220;off|desktop&#8220; animation_style=&#8220;zoom&#8220; animation_intensity_zoom=&#8220;10%&#8220; text_line_height_last_edited=&#8220;off|desktop&#8220; header_2_font_size_phone=&#8220;30px&#8220; header_2_font_size_last_edited=&#8220;off|desktop&#8220; global_colors_info=&#8220;{}&#8220;]<\/p>\n<h3>Entfaltung<\/h3>\n<p>Kinder und Jugendliche entdecken und verwirklichen ihre Potenziale.<\/p>\n<p>[\/et_pb_text][\/et_pb_column][et_pb_column type=&#8220;1_3&#8243; _builder_version=&#8220;4.27.0&#8243; _module_preset=&#8220;default&#8220; global_colors_info=&#8220;{}&#8220;][et_pb_image src=&#8220;https:\/\/www.technikfuerkinder.at\/wp-content\/uploads\/2024\/09\/Technik-fuer-Kinder_Auswahl_ADOBE-RGB_300dpi-48-removebg-preview-1-e1725617851447.png&#8220; title_text=&#8220;Technik-fuer-Kinder_Auswahl_ADOBE-RGB_300dpi-48-removebg-preview&#8220; _builder_version=&#8220;4.27.0&#8243; _module_preset=&#8220;default&#8220; global_colors_info=&#8220;{}&#8220;][\/et_pb_image][\/et_pb_column][\/et_pb_row][\/et_pb_section]<\/p>\n","protected":false},"excerpt":{"rendered":"<p>Offenheit Die T\u00fcren des Technikhauses stehen allen offen, die kommen m\u00f6chten, genau so wie sie sind.Begeisterung Lernen entsteht durch Begeisterung.Wertsch\u00e4tzung Alle Menschen im Technikhaus begegnen sich auf Augenh\u00f6he.Verantwortung Wir trauen allen Menschen im Technikhaus zu, Verantwortung zu \u00fcbernehmen und \u00fcber sich hinauszuwachsen.Entfaltung Kinder und Jugendliche entdecken und verwirklichen ihre Potenziale.<\/p>\n","protected":false},"author":1,"featured_media":0,"parent":0,"menu_order":0,"comment_status":"closed","ping_status":"closed","template":"","meta":{"_et_pb_use_builder":"on","_et_pb_old_content":"","_et_gb_content_width":"","footnotes":""},"class_list":["post-330","page","type-page","status-publish","hentry"],"_links":{"self":[{"href":"https:\/\/www.technikfuerkinder.at\/index.php?rest_route=\/wp\/v2\/pages\/330","targetHints":{"allow":["GET"]}}],"collection":[{"href":"https:\/\/www.technikfuerkinder.at\/index.php?rest_route=\/wp\/v2\/pages"}],"about":[{"href":"https:\/\/www.technikfuerkinder.at\/index.php?rest_route=\/wp\/v2\/types\/page"}],"author":[{"embeddable":true,"href":"https:\/\/www.technikfuerkinder.at\/index.php?rest_route=\/wp\/v2\/users\/1"}],"replies":[{"embeddable":true,"href":"https:\/\/www.technikfuerkinder.at\/index.php?rest_route=%2Fwp%2Fv2%2Fcomments&post=330"}],"version-history":[{"count":21,"href":"https:\/\/www.technikfuerkinder.at\/index.php?rest_route=\/wp\/v2\/pages\/330\/revisions"}],"predecessor-version":[{"id":2612,"href":"https:\/\/www.technikfuerkinder.at\/index.php?rest_route=\/wp\/v2\/pages\/330\/revisions\/2612"}],"wp:attachment":[{"href":"https:\/\/www.technikfuerkinder.at\/index.php?rest_route=%2Fwp%2Fv2%2Fmedia&parent=330"}],"curies":[{"name":"wp","href":"https:\/\/api.w.org\/{rel}","templated":true}]}}