{"id":2957,"date":"2025-11-05T16:05:13","date_gmt":"2025-11-05T15:05:13","guid":{"rendered":"https:\/\/www.technikfuerkinder.at\/?page_id=2957"},"modified":"2025-11-05T21:21:51","modified_gmt":"2025-11-05T20:21:51","slug":"bildungspartnerschaften","status":"publish","type":"page","link":"https:\/\/www.technikfuerkinder.at\/?page_id=2957","title":{"rendered":"Bildungspartnerschaften"},"content":{"rendered":"<p>[et_pb_section fb_built=&#8220;1&#8243; fullwidth=&#8220;on&#8220; admin_label=&#8220;Header Section&#8220; _builder_version=&#8220;4.27.4&#8243; background_image=&#8220;https:\/\/www.technikfuerkinder.at\/wp-content\/uploads\/2025\/09\/WhatsApp-Image-2025-09-19-at-14.30.35.jpeg&#8220; top_divider_style=&#8220;clouds2&#8243; top_divider_color=&#8220;rgba(255,255,255,0.3)&#8220; top_divider_height=&#8220;100%&#8220; bottom_divider_height=&#8220;30px&#8220; global_colors_info=&#8220;{}&#8220;][et_pb_fullwidth_header title=&#8220;Bildungspartnerschaften&#8220; text_orientation=&#8220;center&#8220; button_one_url=&#8220;@ET-DC@eyJkeW5hbWljIjp0cnVlLCJjb250ZW50IjoicG9zdF9saW5rX3VybF9wYWdlIiwic2V0dGluZ3MiOnsicG9zdF9pZCI6IjQwMCJ9fQ==@&#8220; _builder_version=&#8220;4.27.4&#8243; _dynamic_attributes=&#8220;button_one_url&#8220; title_level=&#8220;h2&#8243; title_font=&#8220;Cabin Sketch|700||on|||||&#8220; title_text_color=&#8220;#ff7355&#8243; title_font_size=&#8220;40px&#8220; title_letter_spacing=&#8220;5px&#8220; title_line_height=&#8220;2em&#8220; content_font=&#8220;Rubik||||||||&#8220; content_font_size=&#8220;18px&#8220; content_line_height=&#8220;2em&#8220; subhead_font=&#8220;Rubik|700|||||||&#8220; subhead_text_color=&#8220;rgba(0,0,0,0.8)&#8220; subhead_font_size=&#8220;50px&#8220; subhead_line_height=&#8220;1.4em&#8220; background_color=&#8220;rgba(255,255,255,0)&#8220; use_background_color_gradient=&#8220;on&#8220; background_color_gradient_direction=&#8220;360deg&#8220; background_color_gradient_stops=&#8220;rgba(255,255,255,0.7) 0%|#ffffff 100%&#8220; background_color_gradient_start=&#8220;rgba(255,255,255,0.7)&#8220; background_color_gradient_end=&#8220;#ffffff&#8220; background_size=&#8220;contain&#8220; background_position=&#8220;bottom_center&#8220; custom_button_one=&#8220;on&#8220; button_one_text_size=&#8220;16px&#8220; button_one_text_color=&#8220;#ffffff&#8220; button_one_bg_color=&#8220;#ff7355&#8243; button_one_border_width=&#8220;15px&#8220; button_one_border_color=&#8220;rgba(210,159,104,0)&#8220; button_one_border_radius=&#8220;100px&#8220; button_one_letter_spacing=&#8220;0px&#8220; button_one_font=&#8220;Rubik|700|||||||&#8220; button_one_use_icon=&#8220;off&#8220; custom_button_two=&#8220;on&#8220; button_two_text_size=&#8220;16px&#8220; button_two_text_color=&#8220;#ffffff&#8220; button_two_bg_color=&#8220;rgba(0,0,0,0.6)&#8220; button_two_border_width=&#8220;15px&#8220; button_two_border_color=&#8220;rgba(210,159,104,0)&#8220; button_two_border_radius=&#8220;100px&#8220; button_two_letter_spacing=&#8220;0px&#8220; button_two_font=&#8220;Rubik|700|||||||&#8220; button_two_use_icon=&#8220;off&#8220; background_layout=&#8220;light&#8220; custom_margin=&#8220;0px||||false|false&#8220; custom_padding=&#8220;0vw||4vw||false|false&#8220; animation_style=&#8220;slide&#8220; animation_direction=&#8220;bottom&#8220; animation_intensity_slide=&#8220;1%&#8220; subhead_font_size_tablet=&#8220;&#8220; subhead_font_size_phone=&#8220;30px&#8220; subhead_font_size_last_edited=&#8220;on|phone&#8220; button_one_border_radius_hover=&#8220;100px&#8220; button_two_border_radius_hover=&#8220;100px&#8220; button_one_bg_color_hover=&#8220;#ff8a70&#8243; button_two_bg_color_hover=&#8220;#ff8a70&#8243; global_colors_info=&#8220;{}&#8220; button_one_text_size__hover_enabled=&#8220;off&#8220; button_two_text_size__hover_enabled=&#8220;off&#8220; button_one_text_color__hover_enabled=&#8220;off&#8220; button_two_text_color__hover_enabled=&#8220;off&#8220; button_one_border_width__hover_enabled=&#8220;off&#8220; button_two_border_width__hover_enabled=&#8220;off&#8220; button_one_border_color__hover_enabled=&#8220;off&#8220; button_two_border_color__hover_enabled=&#8220;off&#8220; button_one_border_radius__hover_enabled=&#8220;on&#8220; button_one_border_radius__hover=&#8220;100px&#8220; button_two_border_radius__hover_enabled=&#8220;on&#8220; button_two_border_radius__hover=&#8220;100px&#8220; button_one_letter_spacing__hover_enabled=&#8220;off&#8220; button_two_letter_spacing__hover_enabled=&#8220;off&#8220; button_one_bg_color__hover_enabled=&#8220;on&#8220; button_one_bg_color__hover=&#8220;#ff8a70&#8243; button_two_bg_color__hover_enabled=&#8220;on&#8220; button_two_bg_color__hover=&#8220;#ff8a70&#8243;]<\/p>\n<p>Als Bildungspartner\/Corporate Volunteering-Partner bringt ihr das Wissen und die Erfahrungen eurer Mitarbeitenden dorthin, wo sie gebraucht werden: ins Technikhaus. Kostenfrei, unkompliziert, sinnvoll.<\/p>\n<p>[\/et_pb_fullwidth_header][\/et_pb_section][et_pb_section fb_built=&#8220;1&#8243; _builder_version=&#8220;4.27.4&#8243; _module_preset=&#8220;default&#8220; background_color=&#8220;#f8ede9&#8243; global_colors_info=&#8220;{}&#8220;][et_pb_row column_structure=&#8220;2_3,1_3&#8243; _builder_version=&#8220;4.27.4&#8243; _module_preset=&#8220;default&#8220; global_colors_info=&#8220;{}&#8220;][et_pb_column type=&#8220;2_3&#8243; _builder_version=&#8220;4.27.4&#8243; _module_preset=&#8220;default&#8220; global_colors_info=&#8220;{}&#8220;][et_pb_text _builder_version=&#8220;4.27.4&#8243; text_font=&#8220;Rubik|500|||||||&#8220; text_font_size=&#8220;16px&#8220; text_line_height=&#8220;2em&#8220; header_font=&#8220;Cabin Sketch||||||||&#8220; header_text_color=&#8220;#ff7355&#8243; header_2_font=&#8220;Cabin Sketch|700|||||||&#8220; header_2_text_color=&#8220;#ff7355&#8243; header_2_font_size=&#8220;40px&#8220; header_2_line_height=&#8220;1.4em&#8220; header_5_font=&#8220;Rubik|700||on|||||&#8220; header_5_text_color=&#8220;#2b76df&#8220; header_5_letter_spacing=&#8220;5px&#8220; header_5_line_height=&#8220;1.5em&#8220; text_orientation=&#8220;center&#8220; max_width=&#8220;600px&#8220; module_alignment=&#8220;center&#8220; text_line_height_last_edited=&#8220;off|desktop&#8220; global_colors_info=&#8220;{}&#8220;]<\/p>\n<h2>So einfach funktioniert&#8217;s<\/h2>\n<p style=\"text-align: left;\"><span>Erm\u00f6glichen Sie Ihren Mitarbeitenden die Begeisterung f\u00fcr den eigenen Beruf als Mentor bzw. Mentorin bei Technik f\u00fcr Kinder und ihr Wissen an J\u00fcngere weiterzugeben und dabei sowohl die eigenen sozialen F\u00e4higkeiten und F\u00fchrungskompetenzen, als auch die der Kinder auszubauen.\u00a0<\/span><\/p>\n<p style=\"text-align: left;\"><span>Und seien Sie ein Unternehmen,\u00a0<\/span><\/p>\n<div class=\"elementor-element elementor-element-da6405d elementor-widget elementor-widget-text-editor\" data-id=\"da6405d\" data-element_type=\"widget\" data-settings=\"{&quot;_animation&quot;:&quot;none&quot;,&quot;_animation_delay&quot;:600,&quot;_animation_mobile&quot;:&quot;none&quot;}\" data-widget_type=\"text-editor.default\">\n<div class=\"elementor-widget-container\">\n<ul>\n<li aria-level=\"2\" style=\"text-align: left;\"><span>das in die Pers\u00f6nlichkeitsentwicklung und Work-Life-Balance der eigenen Mitarbeitenden investiert<\/span><\/li>\n<li aria-level=\"2\" style=\"text-align: left;\"><span>das einen aktiven Beitrag zur handwerklichen und technischen Bildung in \u00d6sterreich leistet<\/span><\/li>\n<\/ul>\n<\/div>\n<\/div>\n<p>[\/et_pb_text][\/et_pb_column][et_pb_column type=&#8220;1_3&#8243; _builder_version=&#8220;4.27.4&#8243; _module_preset=&#8220;default&#8220; global_colors_info=&#8220;{}&#8220;][\/et_pb_column][\/et_pb_row][\/et_pb_section][et_pb_section fb_built=&#8220;1&#8243; _builder_version=&#8220;4.27.4&#8243; _module_preset=&#8220;default&#8220; background_color=&#8220;#f8ede9&#8243; global_colors_info=&#8220;{}&#8220;][et_pb_row column_structure=&#8220;1_3,1_3,1_3&#8243; admin_label=&#8220;Contact Info Row&#8220; _builder_version=&#8220;4.25.1&#8243; background_image=&#8220;https:\/\/www.technikfuerkinder.at\/wp-content\/uploads\/2024\/05\/TuHC-muster-03.png&#8220; custom_margin=&#8220;|||&#8220; global_colors_info=&#8220;{}&#8220;][et_pb_column type=&#8220;1_3&#8243; _builder_version=&#8220;4.16&#8243; custom_padding=&#8220;|||&#8220; global_colors_info=&#8220;{}&#8220; custom_padding__hover=&#8220;|||&#8220;][et_pb_blurb title=&#8220;1. Einfache Anmeldung&#8220; image_icon_background_color=&#8220;#000000&#8243; admin_label=&#8220;Contact Info&#8220; _builder_version=&#8220;4.27.4&#8243; header_font=&#8220;Rubik|700||on|||||&#8220; header_text_color=&#8220;#000000&#8243; header_font_size=&#8220;16px&#8220; header_letter_spacing=&#8220;3px&#8220; header_line_height=&#8220;1.5em&#8220; body_font=&#8220;Rubik||||||||&#8220; body_text_color=&#8220;#000000&#8243; body_font_size=&#8220;16px&#8220; body_line_height=&#8220;2em&#8220; background_color=&#8220;#FFFFFF&#8220; text_orientation=&#8220;center&#8220; custom_margin=&#8220;|||20px|false|false&#8220; custom_padding=&#8220;40px|50px|40px|50px|true|true&#8220; animation_style=&#8220;zoom&#8220; animation_intensity_zoom=&#8220;10%&#8220; border_width_all=&#8220;2px&#8220; border_color_all=&#8220;#000000&#8243; global_colors_info=&#8220;{}&#8220;]<\/p>\n<p>Meldet euch \u00fcber das Formular f\u00fcr eine Bildungspartnerschaft an und erhaltet alle Informationen.<\/p>\n<p>[\/et_pb_blurb][\/et_pb_column][et_pb_column type=&#8220;1_3&#8243; _builder_version=&#8220;4.16&#8243; custom_padding=&#8220;|||&#8220; global_colors_info=&#8220;{}&#8220; custom_padding__hover=&#8220;|||&#8220;][et_pb_blurb title=&#8220;2. Interne Abstimmung&#8220; image_icon_background_color=&#8220;#000000&#8243; admin_label=&#8220;Contact Info&#8220; _builder_version=&#8220;4.27.4&#8243; header_font=&#8220;Rubik|700||on|||||&#8220; header_text_color=&#8220;#000000&#8243; header_font_size=&#8220;16px&#8220; header_letter_spacing=&#8220;3px&#8220; header_line_height=&#8220;1.5em&#8220; body_font=&#8220;Rubik||||||||&#8220; body_text_color=&#8220;#000000&#8243; body_font_size=&#8220;16px&#8220; body_line_height=&#8220;2em&#8220; background_color=&#8220;#FFFFFF&#8220; text_orientation=&#8220;center&#8220; custom_margin=&#8220;|||&#8220; custom_padding=&#8220;40px|20px|40px|20px|true|true&#8220; animation_style=&#8220;zoom&#8220; animation_intensity_zoom=&#8220;10%&#8220; border_width_all=&#8220;2px&#8220; border_color_all=&#8220;#000000&#8243; global_colors_info=&#8220;{}&#8220;]<\/p>\n<p>Nach der internen Abstimmung, unterzeichnet ihr die Kooperationsvereinbarung.\u00a0<\/p>\n<p>[\/et_pb_blurb][\/et_pb_column][et_pb_column type=&#8220;1_3&#8243; _builder_version=&#8220;4.16&#8243; custom_padding=&#8220;|||&#8220; global_colors_info=&#8220;{}&#8220; custom_padding__hover=&#8220;|||&#8220;][et_pb_blurb title=&#8220;3. Schneller Start&#8220; image_icon_background_color=&#8220;#000000&#8243; admin_label=&#8220;Contact Info&#8220; _builder_version=&#8220;4.27.4&#8243; header_font=&#8220;Rubik|700||on|||||&#8220; header_text_color=&#8220;#000000&#8243; header_font_size=&#8220;16px&#8220; header_letter_spacing=&#8220;3px&#8220; header_line_height=&#8220;1.5em&#8220; body_font=&#8220;Rubik||||||||&#8220; body_text_color=&#8220;#000000&#8243; body_font_size=&#8220;16px&#8220; body_line_height=&#8220;2em&#8220; background_color=&#8220;#FFFFFF&#8220; text_orientation=&#8220;center&#8220; custom_margin=&#8220;|20px|||false|false&#8220; custom_padding=&#8220;40px|20px|40px|20px|true|true&#8220; animation_style=&#8220;zoom&#8220; animation_intensity_zoom=&#8220;10%&#8220; border_width_all=&#8220;2px&#8220; border_color_all=&#8220;#000000&#8243; global_colors_info=&#8220;{}&#8220;]<\/p>\n<p>Anschlie\u00dfend erhalten eure Mitarbeitenden ein Onboarding und wir starten die Zusammenarbeit.<\/p>\n<p>[\/et_pb_blurb][\/et_pb_column][\/et_pb_row][\/et_pb_section][et_pb_section fb_built=&#8220;1&#8243; admin_label=&#8220;Staff&#8220; _builder_version=&#8220;4.27.4&#8243; background_color=&#8220;#f8ede9&#8243; parallax=&#8220;on&#8220; custom_margin=&#8220;0px||0px||false|false&#8220; custom_padding=&#8220;0px||0px||false|false&#8220; hover_enabled=&#8220;0&#8243; global_colors_info=&#8220;{}&#8220; background_enable_image=&#8220;off&#8220; sticky_enabled=&#8220;0&#8243;][et_pb_row admin_label=&#8220;Title Row&#8220; _builder_version=&#8220;4.16&#8243; global_colors_info=&#8220;{}&#8220;][et_pb_column type=&#8220;4_4&#8243; _builder_version=&#8220;4.16&#8243; custom_padding=&#8220;|||&#8220; global_colors_info=&#8220;{}&#8220; custom_padding__hover=&#8220;|||&#8220;][et_pb_text _builder_version=&#8220;4.27.4&#8243; text_font=&#8220;Rubik|500|||||||&#8220; text_font_size=&#8220;16px&#8220; text_line_height=&#8220;2em&#8220; header_font=&#8220;Cabin Sketch||||||||&#8220; header_text_color=&#8220;#ff7355&#8243; header_2_font=&#8220;Cabin Sketch|700|||||||&#8220; header_2_text_color=&#8220;#ff7355&#8243; header_2_font_size=&#8220;40px&#8220; header_2_line_height=&#8220;1.4em&#8220; header_5_font=&#8220;Rubik|700||on|||||&#8220; header_5_text_color=&#8220;#2b76df&#8220; header_5_letter_spacing=&#8220;5px&#8220; header_5_line_height=&#8220;1.5em&#8220; text_orientation=&#8220;center&#8220; max_width=&#8220;600px&#8220; module_alignment=&#8220;center&#8220; text_line_height_last_edited=&#8220;off|desktop&#8220; global_colors_info=&#8220;{}&#8220;]<\/p>\n<h2>Klare Vorteile &#8211; f\u00fcr alle<\/h2>\n<p>[\/et_pb_text][\/et_pb_column][\/et_pb_row][et_pb_row _builder_version=&#8220;4.27.4&#8243; _module_preset=&#8220;default&#8220; global_colors_info=&#8220;{}&#8220;][et_pb_column type=&#8220;4_4&#8243; _builder_version=&#8220;4.27.0&#8243; _module_preset=&#8220;default&#8220; global_colors_info=&#8220;{}&#8220;][et_pb_accordion _builder_version=&#8220;4.27.4&#8243; _module_preset=&#8220;default&#8220; background_color=&#8220;#f6ece7&#8243; global_colors_info=&#8220;{}&#8220;][et_pb_accordion_item title=&#8220;Arbeitgeberattraktivit\u00e4t steigern&#8220; open=&#8220;on&#8220; _builder_version=&#8220;4.27.4&#8243; _module_preset=&#8220;default&#8220; global_colors_info=&#8220;{}&#8220;]Unternehmen zeigen klares gesellschaftliches Engagement \u2013 das \u00fcberzeugt bestehende und potenzielle Mitarbeitende.[\/et_pb_accordion_item][et_pb_accordion_item title=&#8220;Mitarbeitende weiterentwickeln&#8220; _builder_version=&#8220;4.27.4&#8243; _module_preset=&#8220;default&#8220; global_colors_info=&#8220;{}&#8220; open=&#8220;off&#8220;]Die Mentor:innen-T\u00e4tigkeit st\u00e4rkt Soft Skills, Pr\u00e4sentationsf\u00e4higkeiten, Selbstwirksamkeit und den Blick \u00fcber den Tellerrand.[\/et_pb_accordion_item][et_pb_accordion_item title=&#8220;Maximale Flexibilit\u00e4t&#8220; _builder_version=&#8220;4.27.4&#8243; _module_preset=&#8220;default&#8220; global_colors_info=&#8220;{}&#8220; open=&#8220;off&#8220;]Keine zeitliche Bindung \u2013 Eins\u00e4tze sind freiwillig, individuell und offen f\u00fcr alle Mitarbeitenden \u2013 vom Praktikum bis zur Gesch\u00e4ftsleitung.[\/et_pb_accordion_item][\/et_pb_accordion][\/et_pb_column][\/et_pb_row][\/et_pb_section][et_pb_section fb_built=&#8220;1&#8243; admin_label=&#8220;Couse Categories&#8220; _builder_version=&#8220;4.27.4&#8243; _module_preset=&#8220;default&#8220; background_color=&#8220;#f8ede9&#8243; background_enable_image=&#8220;off&#8220; custom_margin=&#8220;0px||0px||false|false&#8220; custom_padding=&#8220;0px||0px||false|false&#8220; collapsed=&#8220;on&#8220; global_colors_info=&#8220;{}&#8220;][et_pb_row _builder_version=&#8220;4.27.4&#8243; _module_preset=&#8220;default&#8220; global_colors_info=&#8220;{}&#8220;][et_pb_column type=&#8220;4_4&#8243; _builder_version=&#8220;4.27.4&#8243; _module_preset=&#8220;default&#8220; global_colors_info=&#8220;{}&#8220;][et_pb_text _builder_version=&#8220;4.27.4&#8243; text_font=&#8220;Rubik|500|||||||&#8220; text_font_size=&#8220;16px&#8220; text_line_height=&#8220;2em&#8220; header_font=&#8220;Cabin Sketch||||||||&#8220; header_text_color=&#8220;#ff7355&#8243; header_2_font=&#8220;Cabin Sketch|700|||||||&#8220; header_2_text_color=&#8220;#ff7355&#8243; header_2_font_size=&#8220;40px&#8220; header_2_line_height=&#8220;1.4em&#8220; header_5_font=&#8220;Rubik|700||on|||||&#8220; header_5_text_color=&#8220;#2b76df&#8220; header_5_letter_spacing=&#8220;5px&#8220; header_5_line_height=&#8220;1.5em&#8220; text_orientation=&#8220;center&#8220; max_width=&#8220;600px&#8220; module_alignment=&#8220;center&#8220; text_line_height_last_edited=&#8220;off|desktop&#8220; global_colors_info=&#8220;{}&#8220;]<\/p>\n<h2>Was ist deine Rolle?<\/h2>\n<p>[\/et_pb_text][et_pb_accordion _builder_version=&#8220;4.27.4&#8243; _module_preset=&#8220;default&#8220; background_color=&#8220;#f6ece7&#8243; global_colors_info=&#8220;{}&#8220;][et_pb_accordion_item title=&#8220;Mitarbeitende&#8220; open=&#8220;on&#8220; _builder_version=&#8220;4.27.4&#8243; _module_preset=&#8220;default&#8220; global_colors_info=&#8220;{}&#8220;]<\/p>\n<p>Toll, dass du hier bist! Du kannst gerne im Namen deines Unternehmens das Formular ausf\u00fcllen und mehr Informationen erhalten.<\/p>\n<p>[\/et_pb_accordion_item][et_pb_accordion_item title=&#8220;HR oder Leitungsrolle&#8220; _builder_version=&#8220;4.27.4&#8243; _module_preset=&#8220;default&#8220; global_colors_info=&#8220;{}&#8220; open=&#8220;off&#8220;]<\/p>\n<p>Melde dein Team direkt \u00fcber das Formular unten an und unterst\u00fctze deine Mitarbeitenden dabei, ihre ersten Mentorenstunden zu geben.<\/p>\n<p>[\/et_pb_accordion_item][et_pb_accordion_item title=&#8220;Gesch\u00e4ftsf\u00fchrung&#8220; _builder_version=&#8220;4.27.4&#8243; _module_preset=&#8220;default&#8220; global_colors_info=&#8220;{}&#8220; open=&#8220;off&#8220;]<\/p>\n<p>Du m\u00f6chtest etwas wirklich Sinnvolles in dein Unternehmen bringen? Melde dein Unternehmen direkt \u00fcber das Formular an oder gebe die Anmeldung an HR weiter.<\/p>\n<p>[\/et_pb_accordion_item][\/et_pb_accordion][\/et_pb_column][\/et_pb_row][\/et_pb_section][et_pb_section fb_built=&#8220;1&#8243; _builder_version=&#8220;4.27.4&#8243; _module_preset=&#8220;default&#8220; background_color=&#8220;#f8ede9&#8243; background_enable_image=&#8220;off&#8220; parallax=&#8220;on&#8220; custom_margin=&#8220;0px||||false|false&#8220; custom_padding=&#8220;0px||||false|false&#8220; global_colors_info=&#8220;{}&#8220;][et_pb_row _builder_version=&#8220;4.27.4&#8243; custom_margin=&#8220;||5px||false|false&#8220; custom_padding=&#8220;||5px||false|false&#8220; global_colors_info=&#8220;{}&#8220;][et_pb_column type=&#8220;4_4&#8243; _builder_version=&#8220;4.16&#8243; custom_padding=&#8220;|||&#8220; global_colors_info=&#8220;{}&#8220; custom_padding__hover=&#8220;|||&#8220;][et_pb_text _builder_version=&#8220;4.27.4&#8243; text_font=&#8220;Rubik|500|||||||&#8220; text_font_size=&#8220;16px&#8220; text_line_height=&#8220;2em&#8220; header_font=&#8220;Cabin Sketch||||||||&#8220; header_text_color=&#8220;#ff7355&#8243; header_2_font=&#8220;Cabin Sketch|700|||||||&#8220; header_2_text_color=&#8220;#ff7355&#8243; header_2_font_size=&#8220;40px&#8220; header_2_line_height=&#8220;1.4em&#8220; header_5_font=&#8220;Rubik|700||on|||||&#8220; header_5_text_color=&#8220;#2b76df&#8220; header_5_letter_spacing=&#8220;5px&#8220; header_5_line_height=&#8220;1.5em&#8220; text_orientation=&#8220;center&#8220; max_width=&#8220;600px&#8220; module_alignment=&#8220;center&#8220; text_line_height_last_edited=&#8220;off|desktop&#8220; global_colors_info=&#8220;{}&#8220;]<\/p>\n<h2>Sichtbar als Bildungspartner<\/h2>\n<p>Unsere Bildungspartner-Siegel zeigt, wer Handwerks- und Technikbildung m\u00f6glich macht und nachhaltig unterst\u00fctzt \u2013 sichtbar f\u00fcr alle.<\/p>\n<p>[\/et_pb_text][et_pb_image src=&#8220;https:\/\/www.technikfuerkinder.at\/wp-content\/uploads\/2025\/06\/TFK-Badge-72dpi.png&#8220; title_text=&#8220;TFK- Badge-72dpi&#8220; align=&#8220;center&#8220; _builder_version=&#8220;4.27.4&#8243; _module_preset=&#8220;default&#8220; width=&#8220;24%&#8220; global_colors_info=&#8220;{}&#8220;][\/et_pb_image][\/et_pb_column][\/et_pb_row][\/et_pb_section]<\/p>\n","protected":false},"excerpt":{"rendered":"<p>Als Bildungspartner\/Corporate Volunteering-Partner bringt ihr das Wissen und die Erfahrungen eurer Mitarbeitenden dorthin, wo sie gebraucht werden: ins Technikhaus. Kostenfrei, unkompliziert, sinnvoll.So einfach funktioniert&#8217;s Erm\u00f6glichen Sie Ihren Mitarbeitenden die Begeisterung f\u00fcr den eigenen Beruf als Mentor bzw. Mentorin bei Technik f\u00fcr Kinder und ihr Wissen an J\u00fcngere weiterzugeben und dabei sowohl die eigenen sozialen F\u00e4higkeiten [&hellip;]<\/p>\n","protected":false},"author":1,"featured_media":0,"parent":0,"menu_order":0,"comment_status":"closed","ping_status":"closed","template":"","meta":{"_et_pb_use_builder":"on","_et_pb_old_content":"","_et_gb_content_width":"","footnotes":""},"class_list":["post-2957","page","type-page","status-publish","hentry"],"_links":{"self":[{"href":"https:\/\/www.technikfuerkinder.at\/index.php?rest_route=\/wp\/v2\/pages\/2957","targetHints":{"allow":["GET"]}}],"collection":[{"href":"https:\/\/www.technikfuerkinder.at\/index.php?rest_route=\/wp\/v2\/pages"}],"about":[{"href":"https:\/\/www.technikfuerkinder.at\/index.php?rest_route=\/wp\/v2\/types\/page"}],"author":[{"embeddable":true,"href":"https:\/\/www.technikfuerkinder.at\/index.php?rest_route=\/wp\/v2\/users\/1"}],"replies":[{"embeddable":true,"href":"https:\/\/www.technikfuerkinder.at\/index.php?rest_route=%2Fwp%2Fv2%2Fcomments&post=2957"}],"version-history":[{"count":12,"href":"https:\/\/www.technikfuerkinder.at\/index.php?rest_route=\/wp\/v2\/pages\/2957\/revisions"}],"predecessor-version":[{"id":3056,"href":"https:\/\/www.technikfuerkinder.at\/index.php?rest_route=\/wp\/v2\/pages\/2957\/revisions\/3056"}],"wp:attachment":[{"href":"https:\/\/www.technikfuerkinder.at\/index.php?rest_route=%2Fwp%2Fv2%2Fmedia&parent=2957"}],"curies":[{"name":"wp","href":"https:\/\/api.w.org\/{rel}","templated":true}]}}