{"id":2374,"date":"2025-06-27T17:47:22","date_gmt":"2025-06-27T15:47:22","guid":{"rendered":"https:\/\/www.technikfuerkinder.at\/?page_id=2374"},"modified":"2025-11-05T21:17:38","modified_gmt":"2025-11-05T20:17:38","slug":"siegel-fuer-mitgliedsbetriebe","status":"publish","type":"page","link":"https:\/\/www.technikfuerkinder.at\/?page_id=2374","title":{"rendered":"Siegel f\u00fcr Partnerbetriebe"},"content":{"rendered":"<p>[et_pb_section fb_built=&#8220;1&#8243; admin_label=&#8220;Header&#8220; _builder_version=&#8220;4.27.4&#8243; _module_preset=&#8220;default&#8220; background_color=&#8220;#f8ede9&#8243; custom_padding=&#8220;||0px||false|false&#8220; hover_enabled=&#8220;0&#8243; locked=&#8220;off&#8220; collapsed=&#8220;on&#8220; global_colors_info=&#8220;{}&#8220; background_enable_image=&#8220;off&#8220; sticky_enabled=&#8220;0&#8243;][et_pb_row _builder_version=&#8220;4.27.4&#8243; _module_preset=&#8220;default&#8220; global_colors_info=&#8220;{}&#8220;][et_pb_column type=&#8220;4_4&#8243; _builder_version=&#8220;4.27.4&#8243; _module_preset=&#8220;default&#8220; global_colors_info=&#8220;{}&#8220;][et_pb_text _builder_version=&#8220;4.25.1&#8243; _module_preset=&#8220;25aea7d1-6db3-4c9d-8307-9f4a22bce6f9&#8243; header_font=&#8220;Cabin Sketch|700|||||||&#8220; header_font_size=&#8220;72px&#8220; text_orientation=&#8220;center&#8220; custom_margin=&#8220;||10px||false|false&#8220; global_colors_info=&#8220;{}&#8220;]<\/p>\n<h1>Siegel f\u00fcr Partnerbetriebe<\/h1>\n<p>[\/et_pb_text][\/et_pb_column][\/et_pb_row][et_pb_row column_structure=&#8220;3_4,1_4&#8243; _builder_version=&#8220;4.27.4&#8243; _module_preset=&#8220;default&#8220; max_width=&#8220;1280px&#8220; global_colors_info=&#8220;{}&#8220;][et_pb_column type=&#8220;3_4&#8243; _builder_version=&#8220;4.22.0&#8243; _module_preset=&#8220;default&#8220; global_colors_info=&#8220;{}&#8220;][et_pb_text _builder_version=&#8220;4.27.4&#8243; _module_preset=&#8220;0a7b1b68-bb07-42c8-b499-edc8522f5f86&#8243; text_font=&#8220;Rubik||||||||&#8220; text_orientation=&#8220;center&#8220; max_width=&#8220;800px&#8220; module_alignment=&#8220;center&#8220; global_colors_info=&#8220;{}&#8220;]<\/p>\n<p style=\"text-align: left;\">Mit dem <strong data-start=\"223\" data-end=\"245\">Technikhaus-Siegel<\/strong> k\u00f6nnen unsere Partnerbetriebe ihre Verbundenheit mit dem Technikhaus sichtbar machen \u2013 <strong data-start=\"335\" data-end=\"358\">digital und vor Ort<\/strong>.<\/p>\n<p data-start=\"361\" data-end=\"638\" style=\"text-align: left;\">\ud83d\udee0\ufe0f <strong data-start=\"365\" data-end=\"400\">Was ist das Technikhaus-Siegel?<\/strong><br data-start=\"400\" data-end=\"403\" \/>Das Siegel steht f\u00fcr gelebte Verantwortung, Nachwuchsf\u00f6rderung und die Unterst\u00fctzung handwerklich-technischer Bildung in der Region. Es macht Ihre Beteiligung am Projekt f\u00fcr Kund*innen, Partner*innen und Mitarbeiter*innen auf einen Blick erkennbar.<\/p>\n<p data-start=\"640\" data-end=\"942\" style=\"text-align: left;\">\ud83d\udccd <strong data-start=\"643\" data-end=\"683\">Wo kann das Siegel verwendet werden?<\/strong><br data-start=\"683\" data-end=\"686\" \/>\u2013 <strong data-start=\"688\" data-end=\"700\">Physisch<\/strong>: als Sticker f\u00fcr T\u00fcren, Maschinen oder Fahrzeuge sowie als Tafel f\u00fcr Ihren Eingangsbereich<br data-start=\"791\" data-end=\"794\" \/>\u2013 <strong data-start=\"796\" data-end=\"807\">Digital<\/strong>: auf der Website \u2013 idealerweise in der Fu\u00dfzeile oder im Bereich \u201e\u00dcber uns\u201c \u2013 mit einem Link zu <a data-start=\"174\" data-end=\"233\" data-is-only-node=\"\" class=\"\" rel=\"noopener\" target=\"_new\" href=\"https:\/\/www.technikfuerkinder.at\">www.technikfuerkinder.at<\/a> platzieren (siehe Beispiel: <a data-start=\"905\" data-end=\"939\" class=\"\" rel=\"noopener\" target=\"_new\" href=\"https:\/\/www.wiet.at\">www.wiet.at<\/a>)<\/p>\n<p data-start=\"1184\" data-end=\"1395\" style=\"text-align: left;\">\ud83d\udca1 <strong data-start=\"1187\" data-end=\"1211\">Warum es sich lohnt:<\/strong><br data-start=\"1211\" data-end=\"1214\" \/>Das Siegel st\u00e4rkt Ihre Arbeitgebermarke, zeigt gesellschaftliches Engagement und signalisiert technikaffine Zukunftsorientierung \u2013 insbesondere f\u00fcr junge Talente und deren Familien.<\/p>\n<p>[\/et_pb_text][\/et_pb_column][et_pb_column type=&#8220;1_4&#8243; _builder_version=&#8220;4.27.4&#8243; _module_preset=&#8220;default&#8220; global_colors_info=&#8220;{}&#8220;][et_pb_image src=&#8220;https:\/\/www.technikfuerkinder.at\/wp-content\/uploads\/2025\/06\/TFK-Badge-300dpi.png&#8220; title_text=&#8220;TFK- Badge-300dpi&#8220; _builder_version=&#8220;4.27.4&#8243; _module_preset=&#8220;default&#8220; global_colors_info=&#8220;{}&#8220;][\/et_pb_image][\/et_pb_column][\/et_pb_row][et_pb_row _builder_version=&#8220;4.25.1&#8243; _module_preset=&#8220;default&#8220; global_colors_info=&#8220;{}&#8220;][et_pb_column type=&#8220;4_4&#8243; _builder_version=&#8220;4.25.1&#8243; _module_preset=&#8220;default&#8220; global_colors_info=&#8220;{}&#8220;][et_pb_button button_url=&#8220;https:\/\/www.technikfuerkinder.at\/wp-content\/uploads\/2025\/06\/Siegel-fuer-Mitgliedsbetriebe.zip&#8220; button_text=&#8220;Siegel herunterladen&#8220; button_alignment=&#8220;center&#8220; _builder_version=&#8220;4.27.4&#8243; custom_button=&#8220;on&#8220; button_text_size=&#8220;17px&#8220; button_bg_color=&#8220;#00a5af&#8220; button_border_width=&#8220;10px&#8220; button_border_color=&#8220;rgba(43,118,223,0)&#8220; button_border_radius=&#8220;100px&#8220; button_font=&#8220;Rubik|700|||||||&#8220; button_use_icon=&#8220;off&#8220; background_layout=&#8220;dark&#8220; custom_margin=&#8220;||0px||false|false&#8220; custom_padding=&#8220;||0px||false|false&#8220; button_bg_color_hover=&#8220;#4f8bdd&#8220; locked=&#8220;off&#8220; global_colors_info=&#8220;{}&#8220; button_text_size__hover_enabled=&#8220;off&#8220; button_one_text_size__hover_enabled=&#8220;off&#8220; button_two_text_size__hover_enabled=&#8220;off&#8220; button_text_color__hover_enabled=&#8220;off&#8220; button_one_text_color__hover_enabled=&#8220;off&#8220; button_two_text_color__hover_enabled=&#8220;off&#8220; button_border_width__hover_enabled=&#8220;off&#8220; button_one_border_width__hover_enabled=&#8220;off&#8220; button_two_border_width__hover_enabled=&#8220;off&#8220; button_border_color__hover_enabled=&#8220;off&#8220; button_one_border_color__hover_enabled=&#8220;off&#8220; button_two_border_color__hover_enabled=&#8220;off&#8220; button_border_radius__hover_enabled=&#8220;off&#8220; button_one_border_radius__hover_enabled=&#8220;off&#8220; button_two_border_radius__hover_enabled=&#8220;off&#8220; button_letter_spacing__hover_enabled=&#8220;off&#8220; button_one_letter_spacing__hover_enabled=&#8220;off&#8220; button_two_letter_spacing__hover_enabled=&#8220;off&#8220; button_bg_color__hover_enabled=&#8220;on|hover&#8220; button_bg_color__hover=&#8220;#ff6600&#8243; button_one_bg_color__hover_enabled=&#8220;off&#8220; button_two_bg_color__hover_enabled=&#8220;off&#8220; button_bg_enable_color__hover=&#8220;on&#8220;][\/et_pb_button][\/et_pb_column][\/et_pb_row][\/et_pb_section]<\/p>\n","protected":false},"excerpt":{"rendered":"<p>Siegel f\u00fcr PartnerbetriebeMit dem Technikhaus-Siegel k\u00f6nnen unsere Partnerbetriebe ihre Verbundenheit mit dem Technikhaus sichtbar machen \u2013 digital und vor Ort. \ud83d\udee0\ufe0f Was ist das Technikhaus-Siegel?Das Siegel steht f\u00fcr gelebte Verantwortung, Nachwuchsf\u00f6rderung und die Unterst\u00fctzung handwerklich-technischer Bildung in der Region. Es macht Ihre Beteiligung am Projekt f\u00fcr Kund*innen, Partner*innen und Mitarbeiter*innen auf einen Blick erkennbar. \ud83d\udccd [&hellip;]<\/p>\n","protected":false},"author":1,"featured_media":0,"parent":0,"menu_order":0,"comment_status":"closed","ping_status":"closed","template":"","meta":{"_et_pb_use_builder":"on","_et_pb_old_content":"","_et_gb_content_width":"","footnotes":""},"class_list":["post-2374","page","type-page","status-publish","hentry"],"_links":{"self":[{"href":"https:\/\/www.technikfuerkinder.at\/index.php?rest_route=\/wp\/v2\/pages\/2374","targetHints":{"allow":["GET"]}}],"collection":[{"href":"https:\/\/www.technikfuerkinder.at\/index.php?rest_route=\/wp\/v2\/pages"}],"about":[{"href":"https:\/\/www.technikfuerkinder.at\/index.php?rest_route=\/wp\/v2\/types\/page"}],"author":[{"embeddable":true,"href":"https:\/\/www.technikfuerkinder.at\/index.php?rest_route=\/wp\/v2\/users\/1"}],"replies":[{"embeddable":true,"href":"https:\/\/www.technikfuerkinder.at\/index.php?rest_route=%2Fwp%2Fv2%2Fcomments&post=2374"}],"version-history":[{"count":11,"href":"https:\/\/www.technikfuerkinder.at\/index.php?rest_route=\/wp\/v2\/pages\/2374\/revisions"}],"predecessor-version":[{"id":3053,"href":"https:\/\/www.technikfuerkinder.at\/index.php?rest_route=\/wp\/v2\/pages\/2374\/revisions\/3053"}],"wp:attachment":[{"href":"https:\/\/www.technikfuerkinder.at\/index.php?rest_route=%2Fwp%2Fv2%2Fmedia&parent=2374"}],"curies":[{"name":"wp","href":"https:\/\/api.w.org\/{rel}","templated":true}]}}